{"id":5670,"date":"2025-07-09T11:08:28","date_gmt":"2025-07-09T10:08:28","guid":{"rendered":"https:\/\/savaelektrine.lt\/?post_type=product&#038;p=5670"},"modified":"2025-07-09T11:14:25","modified_gmt":"2025-07-09T10:14:25","slug":"ev-ant-sienos-22kw","status":"publish","type":"product","link":"https:\/\/savaelektrine.lt\/en\/product\/ev-ant-sienos-22kw\/","title":{"rendered":"EV ant sienos 22kW"},"content":{"rendered":"<p>V2C Trydan yra i\u0161mani elektromobili\u0173 \u012fkrovimo stotel\u0117 (11-22kW) su integruota galios balansavimo funkcija ir srov\u0117s matavimo repl\u0117mis. Stotel\u0117 turi piln\u0105 API ir lengvai integruojama su i\u0161maniaisiais telefonais, Alexa bei saul\u0117s elektrini\u0173 inverteriais. V2C Trydan u\u017etikrina inovatyv\u0173 ir patog\u0173 elektromobilio \u012fkrovim\u0105 namuose bei valdym\u0105 per V2C Cloud program\u0117l\u0119 (WiFi\/Bluetooth), leid\u017eiant\u012f steb\u0117ti \u012fkrovimo proces\u0105, per\u017ei\u016br\u0117ti statistik\u0105 ir nustatyti \u012fkrovimo tvarkara\u0161\u010dius. \u012erenginys taip pat valdomas balsu per Alexa.<br \/>\nTrydan turi integruot\u0105 sistem\u0105, leid\u017eian\u010di\u0105 \u012fkrauti elektromobil\u012f tiesiogiai i\u0161 saul\u0117s elektrin\u0117s, naudojant saul\u0117s energijos pertekli\u0173 ir taip u\u017etikrinant nemokam\u0105 \u012fkrovim\u0105. \u0160i\u0105 saul\u0117s energija varom\u0105 elektromobilio \u012fkrovimo stotel\u0119 paprasta \u012fdiegti ir naudoti, tod\u0117l ji padidina investicij\u0173 gr\u0105\u017e\u0105. Ta\u010diau net ir neturint saul\u0117s elektrin\u0117s, \u012frenginys veikia kaip standartin\u0117 \u012fkrovimo stotel\u0117, naudojanti elektros tinkl\u0105.<br \/>\nTrydan yra suderinamas su visais pagrindiniais saul\u0117s inverteriais (GoodWe, Fronius, Huawei ir kt.), dinami\u0161kai valdo apkrov\u0105, integruojamas su \u201eHome Assistant\u201c sistema, palaiko ry\u0161\u012f per \u201eTelegram\u201c program\u0117l\u0119 (V2C Bot), OCPP ir turi atvir\u0105 OPEN API s\u0105saj\u0105 k\u016br\u0117jams.<\/p>\n<p>*ant sienos arba stovo &#8211; pajungimas iki 10m laido komplektas.<\/p>\n<p>*kaina nurodyta su montavimo darbais.<\/p>\n","protected":false},"excerpt":{"rendered":"<p>V2C Trydan krovimo stotel\u0117 22kW su ekranu<\/p>\n<p><strong>Techniniai duomenys:<\/strong><\/p>\n<p>Jung\u010di\u0173 tipai (Connector types): Type 2 \/ Socket<br \/>\nApsaugos klas\u0117s (IP ir IK): P54 \/ IK10<br \/>\nRy\u0161io valdymo sistemos (Comm. and manag.): Wifi\/ Bluetooth<br \/>\nDarbin\u0117 temperat\u016bra: -25\u00ba to 50\u00ba<\/p>\n","protected":false},"featured_media":5669,"comment_status":"open","ping_status":"closed","template":"","meta":[],"product_brand":[],"product_cat":[77],"product_tag":[],"class_list":{"0":"post-5670","1":"product","2":"type-product","3":"status-publish","4":"has-post-thumbnail","6":"product_cat-elektromobiliu-stoteliu-komplektai","8":"first","9":"instock","10":"shipping-taxable","11":"purchasable","12":"product-type-simple"},"_links":{"self":[{"href":"https:\/\/savaelektrine.lt\/en\/wp-json\/wp\/v2\/product\/5670","targetHints":{"allow":["GET"]}}],"collection":[{"href":"https:\/\/savaelektrine.lt\/en\/wp-json\/wp\/v2\/product"}],"about":[{"href":"https:\/\/savaelektrine.lt\/en\/wp-json\/wp\/v2\/types\/product"}],"replies":[{"embeddable":true,"href":"https:\/\/savaelektrine.lt\/en\/wp-json\/wp\/v2\/comments?post=5670"}],"wp:featuredmedia":[{"embeddable":true,"href":"https:\/\/savaelektrine.lt\/en\/wp-json\/wp\/v2\/media\/5669"}],"wp:attachment":[{"href":"https:\/\/savaelektrine.lt\/en\/wp-json\/wp\/v2\/media?parent=5670"}],"wp:term":[{"taxonomy":"product_brand","embeddable":true,"href":"https:\/\/savaelektrine.lt\/en\/wp-json\/wp\/v2\/product_brand?post=5670"},{"taxonomy":"product_cat","embeddable":true,"href":"https:\/\/savaelektrine.lt\/en\/wp-json\/wp\/v2\/product_cat?post=5670"},{"taxonomy":"product_tag","embeddable":true,"href":"https:\/\/savaelektrine.lt\/en\/wp-json\/wp\/v2\/product_tag?post=5670"}],"curies":[{"name":"wp","href":"https:\/\/api.w.org\/{rel}","templated":true}]}}