{"id":6277,"date":"2025-09-25T09:11:33","date_gmt":"2025-09-25T08:11:33","guid":{"rendered":"https:\/\/savaelektrine.lt\/?post_type=product&#038;p=6277"},"modified":"2025-09-25T09:14:59","modified_gmt":"2025-09-25T08:14:59","slug":"fiziniu-asmenu-paramos-dokumentu-pildymas","status":"publish","type":"product","link":"https:\/\/savaelektrine.lt\/en\/product\/fiziniu-asmenu-paramos-dokumentu-pildymas\/","title":{"rendered":"Juridini\u0173 asmen\u0173 param\u0173 pildymas"},"content":{"rendered":"<p data-start=\"376\" data-end=\"726\">Si\u016blome profesionali\u0105 <strong data-start=\"435\" data-end=\"488\">juridini\u0173 asmen\u0173 paramos dokument\u0173 pildymo paslaug\u0105<\/strong>, skirt\u0105 saul\u0117s elektrini\u0173, elektromobili\u0173 \u012fkrovimo stoteli\u0173 ir energijos kaupikli\u0173 \u012fsigijimui ar finansavimui. Padedame teisingai u\u017epildyti visus reikiamus dokumentus, u\u017etikrinant, kad parai\u0161kos b\u016bt\u0173 tvarkingos ir priimtos be trikd\u017ei\u0173.<\/p>\n<p data-start=\"728\" data-end=\"764\">Pasirinkus m\u016bs\u0173 paslaug\u0105, gausite:<\/p>\n<ul data-start=\"765\" data-end=\"1017\">\n<li data-start=\"765\" data-end=\"844\">\n<p data-start=\"767\" data-end=\"844\">Profesionali\u0105 paramos dokument\u0173 pildymo pagalb\u0105, pritaikyt\u0105 j\u016bs\u0173 projektui.<\/p>\n<\/li>\n<li data-start=\"845\" data-end=\"935\">\n<p data-start=\"847\" data-end=\"935\">Tiksl\u0173 ir tvarking\u0105 dokument\u0173 pateikim\u0105 valstyb\u0117s ar kitoms finansavimo institucijoms.<\/p>\n<\/li>\n<li data-start=\"936\" data-end=\"1017\">\n<p data-start=\"938\" data-end=\"1017\">Patog\u0173 ir greit\u0105 proces\u0105, sutaupant j\u016bs\u0173 laik\u0105 ir u\u017etikrinant paramos gavim\u0105.<\/p>\n<\/li>\n<\/ul>\n<p data-start=\"1019\" data-end=\"1208\">\u0160i paslauga skirta tiek individualiems nam\u0173 savininkams, tiek komerciniams projektams, siekiantiems gauti finansin\u0119 param\u0105 saul\u0117s elektrin\u0117ms, \u012fkrovimo stotel\u0117ms ar energijos kaupikliams.<\/p>\n","protected":false},"excerpt":{"rendered":"<p>Juridini\u0173 asmen\u0173 paramos dokument\u0173 pildymas saul\u0117s elektrini\u0173, elektromobili\u0173 \u012fkrovimo stoteli\u0173 ir energijos kaupikli\u0173 \u012fsigijimui.<\/p>\n<p>Kaina gali b\u016bti tikslinima.<\/p>\n","protected":false},"featured_media":6042,"comment_status":"closed","ping_status":"closed","template":"","meta":[],"product_brand":[],"product_cat":[97],"product_tag":[],"class_list":{"0":"post-6277","1":"product","2":"type-product","3":"status-publish","4":"has-post-thumbnail","6":"product_cat-dokumentu-pildymo-paslauga","8":"first","9":"instock","10":"shipping-taxable","11":"purchasable","12":"product-type-simple"},"_links":{"self":[{"href":"https:\/\/savaelektrine.lt\/en\/wp-json\/wp\/v2\/product\/6277","targetHints":{"allow":["GET"]}}],"collection":[{"href":"https:\/\/savaelektrine.lt\/en\/wp-json\/wp\/v2\/product"}],"about":[{"href":"https:\/\/savaelektrine.lt\/en\/wp-json\/wp\/v2\/types\/product"}],"replies":[{"embeddable":true,"href":"https:\/\/savaelektrine.lt\/en\/wp-json\/wp\/v2\/comments?post=6277"}],"wp:featuredmedia":[{"embeddable":true,"href":"https:\/\/savaelektrine.lt\/en\/wp-json\/wp\/v2\/media\/6042"}],"wp:attachment":[{"href":"https:\/\/savaelektrine.lt\/en\/wp-json\/wp\/v2\/media?parent=6277"}],"wp:term":[{"taxonomy":"product_brand","embeddable":true,"href":"https:\/\/savaelektrine.lt\/en\/wp-json\/wp\/v2\/product_brand?post=6277"},{"taxonomy":"product_cat","embeddable":true,"href":"https:\/\/savaelektrine.lt\/en\/wp-json\/wp\/v2\/product_cat?post=6277"},{"taxonomy":"product_tag","embeddable":true,"href":"https:\/\/savaelektrine.lt\/en\/wp-json\/wp\/v2\/product_tag?post=6277"}],"curies":[{"name":"wp","href":"https:\/\/api.w.org\/{rel}","templated":true}]}}